{"id":8106,"date":"2023-01-13T12:36:30","date_gmt":"2023-01-13T12:36:30","guid":{"rendered":"https:\/\/shop.inodev.pt\/?post_type=product&#038;p=8106"},"modified":"2024-08-12T11:26:14","modified_gmt":"2024-08-12T11:26:14","slug":"business-plan-standard","status":"publish","type":"product","link":"https:\/\/shop.inodev.pt\/en\/product\/business-plan-standard\/","title":{"rendered":"Business Plan Standard"},"content":{"rendered":"<div data-elementor-type=\"wp-post\" data-elementor-id=\"8106\" class=\"elementor elementor-8106\">\n\t\t\t\t\t\t\t\t\t<section class=\"elementor-section elementor-top-section elementor-element elementor-element-56232f4 elementor-section-full_width elementor-section-height-default elementor-section-height-default\" data-id=\"56232f4\" data-element_type=\"section\" id=\"businessstandard\">\n\t\t\t\t\t\t<div class=\"elementor-container elementor-column-gap-no\">\n\t\t\t\t\t<div class=\"elementor-column elementor-col-100 elementor-top-column elementor-element elementor-element-8e2de1f\" data-id=\"8e2de1f\" data-element_type=\"column\">\n\t\t\t<div class=\"elementor-widget-wrap elementor-element-populated\">\n\t\t\t\t\t\t\t\t<div class=\"elementor-element elementor-element-d23cc41 elementor-widget elementor-widget-heading\" data-id=\"d23cc41\" data-element_type=\"widget\" data-widget_type=\"heading.default\">\n\t\t\t\t<div class=\"elementor-widget-container\">\n\t\t\t<h2 class=\"elementor-heading-title elementor-size-default\">Contact request<\/h2>\t\t<\/div>\n\t\t\t\t<\/div>\n\t\t\t\t<section class=\"elementor-section elementor-inner-section elementor-element elementor-element-3b47e57 elementor-section-full_width elementor-section-height-default elementor-section-height-default\" data-id=\"3b47e57\" data-element_type=\"section\">\n\t\t\t\t\t\t<div class=\"elementor-container elementor-column-gap-no\">\n\t\t\t\t\t<div class=\"elementor-column elementor-col-50 elementor-inner-column elementor-element elementor-element-464381b\" data-id=\"464381b\" data-element_type=\"column\">\n\t\t\t<div class=\"elementor-widget-wrap elementor-element-populated\">\n\t\t\t\t\t\t\t\t<div class=\"elementor-element elementor-element-547eaaa elementor-position-top elementor-widget elementor-widget-image-box\" data-id=\"547eaaa\" data-element_type=\"widget\" data-widget_type=\"image-box.default\">\n\t\t\t\t<div class=\"elementor-widget-container\">\n\t\t\t<div class=\"elementor-image-box-wrapper\"><figure class=\"elementor-image-box-img\"><img loading=\"lazy\" decoding=\"async\" width=\"429\" height=\"429\" src=\"https:\/\/shop.inodev.pt\/wp-content\/uploads\/2021\/02\/equipa1-81-1.png\" class=\"attachment-full size-full wp-image-9415\" alt=\"\" srcset=\"https:\/\/shop.inodev.pt\/wp-content\/uploads\/2021\/02\/equipa1-81-1.png 429w, https:\/\/shop.inodev.pt\/wp-content\/uploads\/2021\/02\/equipa1-81-1-300x300.png 300w, https:\/\/shop.inodev.pt\/wp-content\/uploads\/2021\/02\/equipa1-81-1-150x150.png 150w, https:\/\/shop.inodev.pt\/wp-content\/uploads\/2021\/02\/equipa1-81-1-120x120.png 120w, https:\/\/shop.inodev.pt\/wp-content\/uploads\/2021\/02\/equipa1-81-1-12x12.png 12w, https:\/\/shop.inodev.pt\/wp-content\/uploads\/2021\/02\/equipa1-81-1-24x24.png 24w, https:\/\/shop.inodev.pt\/wp-content\/uploads\/2021\/02\/equipa1-81-1-36x36.png 36w, https:\/\/shop.inodev.pt\/wp-content\/uploads\/2021\/02\/equipa1-81-1-48x48.png 48w, https:\/\/shop.inodev.pt\/wp-content\/uploads\/2021\/02\/equipa1-81-1-100x100.png 100w\" sizes=\"auto, (max-width: 429px) 100vw, 429px\" \/><\/figure><div class=\"elementor-image-box-content\"><h3 class=\"elementor-image-box-title\">Isaura Tom\u00e9<\/h3><\/div><\/div>\t\t<\/div>\n\t\t\t\t<\/div>\n\t\t\t\t<div class=\"elementor-element elementor-element-9ac3671 elementor-icon-list--layout-inline elementor-align-center elementor-list-item-link-full_width elementor-widget elementor-widget-icon-list\" data-id=\"9ac3671\" data-element_type=\"widget\" data-widget_type=\"icon-list.default\">\n\t\t\t\t<div class=\"elementor-widget-container\">\n\t\t\t\t\t<ul class=\"elementor-icon-list-items elementor-inline-items\">\n\t\t\t\t\t\t\t<li class=\"elementor-icon-list-item elementor-inline-item\">\n\t\t\t\t\t\t\t\t\t\t\t<span class=\"elementor-icon-list-icon\">\n\t\t\t\t\t\t\t<i aria-hidden=\"true\" class=\"fas fa-phone-alt\"><\/i>\t\t\t\t\t\t<\/span>\n\t\t\t\t\t\t\t\t\t\t<span class=\"elementor-icon-list-text\">+351 913 318 877<\/span>\n\t\t\t\t\t\t\t\t\t<\/li>\n\t\t\t\t\t\t<\/ul>\n\t\t\t\t<\/div>\n\t\t\t\t<\/div>\n\t\t\t\t\t<\/div>\n\t\t<\/div>\n\t\t\t\t<div class=\"elementor-column elementor-col-50 elementor-inner-column elementor-element elementor-element-05649a1\" data-id=\"05649a1\" data-element_type=\"column\">\n\t\t\t<div class=\"elementor-widget-wrap elementor-element-populated\">\n\t\t\t\t\t\t\t\t<div class=\"elementor-element elementor-element-3bfcd8c elementor-widget elementor-widget-html\" data-id=\"3bfcd8c\" data-element_type=\"widget\" data-widget_type=\"html.default\">\n\t\t\t\t<div class=\"elementor-widget-container\">\n\t\t\t<div id=\"8e1ne3o03\" style=\"width:380px;height:590px;\"><\/div>\t\t<\/div>\n\t\t\t\t<\/div>\n\t\t\t\t\t<\/div>\n\t\t<\/div>\n\t\t\t\t\t\t\t<\/div>\n\t\t<\/section>\n\t\t\t\t\t<\/div>\n\t\t<\/div>\n\t\t\t\t\t\t\t<\/div>\n\t\t<\/section>\n\t\t\t\t<section class=\"elementor-section elementor-top-section elementor-element elementor-element-8eca829 elementor-section-boxed elementor-section-height-default elementor-section-height-default\" data-id=\"8eca829\" data-element_type=\"section\">\n\t\t\t\t\t\t<div class=\"elementor-container elementor-column-gap-default\">\n\t\t\t\t\t<div class=\"elementor-column elementor-col-100 elementor-top-column elementor-element elementor-element-eefb9f3\" data-id=\"eefb9f3\" data-element_type=\"column\">\n\t\t\t<div class=\"elementor-widget-wrap elementor-element-populated\">\n\t\t\t\t\t\t\t\t<div class=\"elementor-element elementor-element-cb9fa15 elementor-widget elementor-widget-html\" data-id=\"cb9fa15\" data-element_type=\"widget\" data-widget_type=\"html.default\">\n\t\t\t\t<div class=\"elementor-widget-container\">\n\t\t\t<script type=\"text\/javascript\">\n    (function () {\n        let u=\"https:\/\/egoi.page\/8e1ne3o03\/forms\", c=\"8e1ne3o03\",\n        i=document.createElement(\"iframe\"), e=document.getElementById(c);\n        i.setAttribute(\"src\", u);\n        i.setAttribute('style','border:none;width:100%;height:100%');\n        e.appendChild(i);\n    })();\n<\/script>\t\t<\/div>\n\t\t\t\t<\/div>\n\t\t\t\t\t<\/div>\n\t\t<\/div>\n\t\t\t\t\t\t\t<\/div>\n\t\t<\/section>\n\t\t\t\t\t\t\t<\/div>","protected":false},"excerpt":{"rendered":"<p><span style=\"color: #00ccff;\"><strong>Prazo de entrega: 1-2<\/strong><\/span><span style=\"color: #00ccff;\"><strong>\u00a0semanas<\/strong><\/span><\/p>\n<p><span style=\"color: #00ccff;\"><strong>Este produto inclui:<\/strong><\/span><\/p>\n<ul class=\"AycZA bU4yt\">\n<li class=\"WPT7ge\">Sess\u00e3o de recolha de dados do neg\u00f3cio (fornecidos pelo cliente)<\/li>\n<li class=\"WPT7ge\">Preenchimento do template, tendo em conta as informa\u00e7\u00f5es obtidas da reuni\u00e3o com o cliente<\/li>\n<li class=\"WPT7ge\">Sess\u00e3o de apresenta\u00e7\u00e3o da ferramenta<\/li>\n<li class=\"WPT7ge\">Esclarecimento de d\u00favidas (via WhatsApp)<\/li>\n<\/ul>\n<p><span style=\"color: #00ccff;\"><strong>\u00a0<\/strong><\/span><u style=\"font-weight: inherit;\"><\/u><u><\/u><\/p>\n<p><u style=\"font-weight: inherit;\"><strong style=\"font-size: 16px;\"><a href=\"https:\/\/shop.inodev.pt\/en\/product\/business-plan\/\"><img loading=\"lazy\" decoding=\"async\" class=\"alignnone wp-image-4950\" src=\"https:\/\/shop.inodev.pt\/wp-content\/uploads\/2021\/02\/CONTACTAR-63.png\" alt=\"\" width=\"170\" height=\"40\" srcset=\"https:\/\/shop.inodev.pt\/wp-content\/uploads\/2021\/02\/CONTACTAR-63.png 1719w, https:\/\/shop.inodev.pt\/wp-content\/uploads\/2021\/02\/CONTACTAR-63-300x70.png 300w, https:\/\/shop.inodev.pt\/wp-content\/uploads\/2021\/02\/CONTACTAR-63-1024x239.png 1024w, https:\/\/shop.inodev.pt\/wp-content\/uploads\/2021\/02\/CONTACTAR-63-768x180.png 768w, https:\/\/shop.inodev.pt\/wp-content\/uploads\/2021\/02\/CONTACTAR-63-1536x359.png 1536w, https:\/\/shop.inodev.pt\/wp-content\/uploads\/2021\/02\/CONTACTAR-63-16x4.png 16w, https:\/\/shop.inodev.pt\/wp-content\/uploads\/2021\/02\/CONTACTAR-63-24x6.png 24w, https:\/\/shop.inodev.pt\/wp-content\/uploads\/2021\/02\/CONTACTAR-63-36x8.png 36w, https:\/\/shop.inodev.pt\/wp-content\/uploads\/2021\/02\/CONTACTAR-63-48x11.png 48w, https:\/\/shop.inodev.pt\/wp-content\/uploads\/2021\/02\/CONTACTAR-63-600x140.png 600w\" sizes=\"auto, (max-width: 170px) 100vw, 170px\" \/><\/a><\/strong><\/u><\/p>\n<p>&nbsp;<\/p>","protected":false},"featured_media":8107,"template":"","meta":{"content-type":"","site-sidebar-layout":"default","site-content-layout":"default","ast-site-content-layout":"default","site-content-style":"default","site-sidebar-style":"default","ast-global-header-display":"","ast-banner-title-visibility":"","ast-main-header-display":"","ast-hfb-above-header-display":"","ast-hfb-below-header-display":"","ast-hfb-mobile-header-display":"","site-post-title":"","ast-breadcrumbs-content":"","ast-featured-img":"","footer-sml-layout":"","theme-transparent-header-meta":"default","adv-header-id-meta":"","stick-header-meta":"","header-above-stick-meta":"","header-main-stick-meta":"","header-below-stick-meta":"","astra-migrate-meta-layouts":"set","_joinchat":{"telephone":"+351913318877","message_text":"Ficou com alguma quest\u00e3o relativamente a este produto?\nEntre em contacto diretamente conosco e esclare\u00e7a as suas d\u00favidas.","view":"yes"}},"product_cat":[15],"product_tag":[],"class_list":["post-8106","product","type-product","status-publish","has-post-thumbnail","hentry","product_cat-ferramentas","desktop-align-center","tablet-align-center","mobile-align-center"],"yoast_head":"<!-- This site is optimized with the Yoast SEO plugin v20.13 - https:\/\/yoast.com\/wordpress\/plugins\/seo\/ -->\n<title>Business Plan Standard - Loja Inodev - Consultoria de Inova\u00e7\u00e3o<\/title>\n<meta name=\"description\" content=\"O melhor aconselhamento para empres\u00e1rios empreendedores. Desenvolvimento de um plano de neg\u00f3cios. Elabora\u00e7\u00e3o de um Business Model Canvas.\" \/>\n<meta name=\"robots\" content=\"index, follow, max-snippet:-1, max-image-preview:large, max-video-preview:-1\" \/>\n<link rel=\"canonical\" href=\"https:\/\/shop.inodev.pt\/en\/product\/business-plan-standard\/\" \/>\n<meta property=\"og:locale\" content=\"en_GB\" \/>\n<meta property=\"og:type\" content=\"article\" \/>\n<meta property=\"og:title\" content=\"Business Plan Standard - Loja Inodev - Consultoria de Inova\u00e7\u00e3o\" \/>\n<meta property=\"og:description\" content=\"O melhor aconselhamento para empres\u00e1rios empreendedores. Desenvolvimento de um plano de neg\u00f3cios. Elabora\u00e7\u00e3o de um Business Model Canvas.\" \/>\n<meta property=\"og:url\" content=\"https:\/\/shop.inodev.pt\/en\/product\/business-plan-standard\/\" \/>\n<meta property=\"og:site_name\" content=\"Loja Inodev - Consultoria de Inova\u00e7\u00e3o\" \/>\n<meta property=\"article:publisher\" content=\"https:\/\/www.facebook.com\/inodev\" \/>\n<meta property=\"article:modified_time\" content=\"2024-08-12T11:26:14+00:00\" \/>\n<meta property=\"og:image\" content=\"https:\/\/shop.inodev.pt\/wp-content\/uploads\/2023\/01\/busistand.jpg\" \/>\n\t<meta property=\"og:image:width\" content=\"2080\" \/>\n\t<meta property=\"og:image:height\" content=\"2037\" \/>\n\t<meta property=\"og:image:type\" content=\"image\/jpeg\" \/>\n<meta name=\"twitter:card\" content=\"summary_large_image\" \/>\n<meta name=\"twitter:label1\" content=\"Estimated reading time\" \/>\n\t<meta name=\"twitter:data1\" content=\"1 minute\" \/>\n<script type=\"application\/ld+json\" class=\"yoast-schema-graph\">{\"@context\":\"https:\/\/schema.org\",\"@graph\":[{\"@type\":\"WebPage\",\"@id\":\"https:\/\/shop.inodev.pt\/produto\/business-plan-standard\/\",\"url\":\"https:\/\/shop.inodev.pt\/produto\/business-plan-standard\/\",\"name\":\"Business Plan Standard - Loja Inodev - Consultoria de Inova\u00e7\u00e3o\",\"isPartOf\":{\"@id\":\"https:\/\/shop.inodev.pt\/#website\"},\"datePublished\":\"2023-01-13T12:36:30+00:00\",\"dateModified\":\"2024-08-12T11:26:14+00:00\",\"description\":\"O melhor aconselhamento para empres\u00e1rios empreendedores. Desenvolvimento de um plano de neg\u00f3cios. Elabora\u00e7\u00e3o de um Business Model Canvas.\",\"breadcrumb\":{\"@id\":\"https:\/\/shop.inodev.pt\/produto\/business-plan-standard\/#breadcrumb\"},\"inLanguage\":\"en-GB\",\"potentialAction\":[{\"@type\":\"ReadAction\",\"target\":[\"https:\/\/shop.inodev.pt\/produto\/business-plan-standard\/\"]}]},{\"@type\":\"BreadcrumbList\",\"@id\":\"https:\/\/shop.inodev.pt\/produto\/business-plan-standard\/#breadcrumb\",\"itemListElement\":[{\"@type\":\"ListItem\",\"position\":1,\"name\":\"In\u00edcio\",\"item\":\"https:\/\/shop.inodev.pt\/\"},{\"@type\":\"ListItem\",\"position\":2,\"name\":\"Produtos\",\"item\":\"https:\/\/shop.inodev.pt\/loja\/\"},{\"@type\":\"ListItem\",\"position\":3,\"name\":\"Business Plan Standard\"}]},{\"@type\":\"WebSite\",\"@id\":\"https:\/\/shop.inodev.pt\/#website\",\"url\":\"https:\/\/shop.inodev.pt\/\",\"name\":\"Loja Inodev - Consultoria de Inova\u00e7\u00e3o\",\"description\":\"Servi\u00e7os consultoria de Inova\u00e7\u00e3o\",\"publisher\":{\"@id\":\"https:\/\/shop.inodev.pt\/#organization\"},\"potentialAction\":[{\"@type\":\"SearchAction\",\"target\":{\"@type\":\"EntryPoint\",\"urlTemplate\":\"https:\/\/shop.inodev.pt\/?s={search_term_string}\"},\"query-input\":\"required name=search_term_string\"}],\"inLanguage\":\"en-GB\"},{\"@type\":\"Organization\",\"@id\":\"https:\/\/shop.inodev.pt\/#organization\",\"name\":\"Loja Inodev - Consultoria de Inova\u00e7\u00e3o\",\"url\":\"https:\/\/shop.inodev.pt\/\",\"logo\":{\"@type\":\"ImageObject\",\"inLanguage\":\"en-GB\",\"@id\":\"https:\/\/shop.inodev.pt\/#\/schema\/logo\/image\/\",\"url\":\"https:\/\/shop.inodev.pt\/wp-content\/uploads\/2021\/07\/cropped-shop_inodev-108.png\",\"contentUrl\":\"https:\/\/shop.inodev.pt\/wp-content\/uploads\/2021\/07\/cropped-shop_inodev-108.png\",\"width\":1671,\"height\":517,\"caption\":\"Loja Inodev - Consultoria de Inova\u00e7\u00e3o\"},\"image\":{\"@id\":\"https:\/\/shop.inodev.pt\/#\/schema\/logo\/image\/\"},\"sameAs\":[\"https:\/\/www.facebook.com\/inodev\",\"https:\/\/www.instagram.com\/inodevportugal\/\",\"https:\/\/pt.linkedin.com\/company\/inodev\"]}]}<\/script>\n<!-- \/ Yoast SEO plugin. -->","yoast_head_json":{"title":"Business Plan Standard - Loja Inodev - Consultoria de Inova\u00e7\u00e3o","description":"O melhor aconselhamento para empres\u00e1rios empreendedores. Desenvolvimento de um plano de neg\u00f3cios. Elabora\u00e7\u00e3o de um Business Model Canvas.","robots":{"index":"index","follow":"follow","max-snippet":"max-snippet:-1","max-image-preview":"max-image-preview:large","max-video-preview":"max-video-preview:-1"},"canonical":"https:\/\/shop.inodev.pt\/en\/product\/business-plan-standard\/","og_locale":"en_GB","og_type":"article","og_title":"Business Plan Standard - Loja Inodev - Consultoria de Inova\u00e7\u00e3o","og_description":"O melhor aconselhamento para empres\u00e1rios empreendedores. Desenvolvimento de um plano de neg\u00f3cios. Elabora\u00e7\u00e3o de um Business Model Canvas.","og_url":"https:\/\/shop.inodev.pt\/en\/product\/business-plan-standard\/","og_site_name":"Loja Inodev - Consultoria de Inova\u00e7\u00e3o","article_publisher":"https:\/\/www.facebook.com\/inodev","article_modified_time":"2024-08-12T11:26:14+00:00","og_image":[{"width":2080,"height":2037,"url":"https:\/\/shop.inodev.pt\/wp-content\/uploads\/2023\/01\/busistand.jpg","type":"image\/jpeg"}],"twitter_card":"summary_large_image","twitter_misc":{"Estimated reading time":"1 minute"},"schema":{"@context":"https:\/\/schema.org","@graph":[{"@type":"WebPage","@id":"https:\/\/shop.inodev.pt\/produto\/business-plan-standard\/","url":"https:\/\/shop.inodev.pt\/produto\/business-plan-standard\/","name":"Business Plan Standard - Loja Inodev - Consultoria de Inova\u00e7\u00e3o","isPartOf":{"@id":"https:\/\/shop.inodev.pt\/#website"},"datePublished":"2023-01-13T12:36:30+00:00","dateModified":"2024-08-12T11:26:14+00:00","description":"O melhor aconselhamento para empres\u00e1rios empreendedores. Desenvolvimento de um plano de neg\u00f3cios. Elabora\u00e7\u00e3o de um Business Model Canvas.","breadcrumb":{"@id":"https:\/\/shop.inodev.pt\/produto\/business-plan-standard\/#breadcrumb"},"inLanguage":"en-GB","potentialAction":[{"@type":"ReadAction","target":["https:\/\/shop.inodev.pt\/produto\/business-plan-standard\/"]}]},{"@type":"BreadcrumbList","@id":"https:\/\/shop.inodev.pt\/produto\/business-plan-standard\/#breadcrumb","itemListElement":[{"@type":"ListItem","position":1,"name":"In\u00edcio","item":"https:\/\/shop.inodev.pt\/"},{"@type":"ListItem","position":2,"name":"Produtos","item":"https:\/\/shop.inodev.pt\/loja\/"},{"@type":"ListItem","position":3,"name":"Business Plan Standard"}]},{"@type":"WebSite","@id":"https:\/\/shop.inodev.pt\/#website","url":"https:\/\/shop.inodev.pt\/","name":"Loja Inodev - Consultoria de Inova\u00e7\u00e3o","description":"Servi\u00e7os consultoria de Inova\u00e7\u00e3o","publisher":{"@id":"https:\/\/shop.inodev.pt\/#organization"},"potentialAction":[{"@type":"SearchAction","target":{"@type":"EntryPoint","urlTemplate":"https:\/\/shop.inodev.pt\/?s={search_term_string}"},"query-input":"required name=search_term_string"}],"inLanguage":"en-GB"},{"@type":"Organization","@id":"https:\/\/shop.inodev.pt\/#organization","name":"Loja Inodev - Consultoria de Inova\u00e7\u00e3o","url":"https:\/\/shop.inodev.pt\/","logo":{"@type":"ImageObject","inLanguage":"en-GB","@id":"https:\/\/shop.inodev.pt\/#\/schema\/logo\/image\/","url":"https:\/\/shop.inodev.pt\/wp-content\/uploads\/2021\/07\/cropped-shop_inodev-108.png","contentUrl":"https:\/\/shop.inodev.pt\/wp-content\/uploads\/2021\/07\/cropped-shop_inodev-108.png","width":1671,"height":517,"caption":"Loja Inodev - Consultoria de Inova\u00e7\u00e3o"},"image":{"@id":"https:\/\/shop.inodev.pt\/#\/schema\/logo\/image\/"},"sameAs":["https:\/\/www.facebook.com\/inodev","https:\/\/www.instagram.com\/inodevportugal\/","https:\/\/pt.linkedin.com\/company\/inodev"]}]}},"_links":{"self":[{"href":"https:\/\/shop.inodev.pt\/en\/wp-json\/wp\/v2\/product\/8106","targetHints":{"allow":["GET"]}}],"collection":[{"href":"https:\/\/shop.inodev.pt\/en\/wp-json\/wp\/v2\/product"}],"about":[{"href":"https:\/\/shop.inodev.pt\/en\/wp-json\/wp\/v2\/types\/product"}],"version-history":[{"count":19,"href":"https:\/\/shop.inodev.pt\/en\/wp-json\/wp\/v2\/product\/8106\/revisions"}],"predecessor-version":[{"id":9437,"href":"https:\/\/shop.inodev.pt\/en\/wp-json\/wp\/v2\/product\/8106\/revisions\/9437"}],"wp:featuredmedia":[{"embeddable":true,"href":"https:\/\/shop.inodev.pt\/en\/wp-json\/wp\/v2\/media\/8107"}],"wp:attachment":[{"href":"https:\/\/shop.inodev.pt\/en\/wp-json\/wp\/v2\/media?parent=8106"}],"wp:term":[{"taxonomy":"product_cat","embeddable":true,"href":"https:\/\/shop.inodev.pt\/en\/wp-json\/wp\/v2\/product_cat?post=8106"},{"taxonomy":"product_tag","embeddable":true,"href":"https:\/\/shop.inodev.pt\/en\/wp-json\/wp\/v2\/product_tag?post=8106"}],"curies":[{"name":"wp","href":"https:\/\/api.w.org\/{rel}","templated":true}]}}