{"id":8080,"date":"2023-01-13T11:32:29","date_gmt":"2023-01-13T11:32:29","guid":{"rendered":"https:\/\/shop.inodev.pt\/?post_type=product&#038;p=8080"},"modified":"2024-08-12T11:36:50","modified_gmt":"2024-08-12T11:36:50","slug":"projetos-a-medida","status":"publish","type":"product","link":"https:\/\/shop.inodev.pt\/en\/product\/projetos-a-medida\/","title":{"rendered":"Projetos \u00e0 medida"},"content":{"rendered":"","protected":false},"excerpt":{"rendered":"<p><span style=\"color: #000000;\"><strong>A Inodev atua na \u00e1rea de consultoria de inova\u00e7\u00e3o e transforma\u00e7\u00e3o digital. Assim, podemos<br \/>\najud\u00e1-los nas \u00e1reas de:<\/strong><\/span><\/p>\n<p><img loading=\"lazy\" decoding=\"async\" class=\"wp-image-2627 alignnone\" src=\"https:\/\/shop.inodev.pt\/wp-content\/uploads\/2021\/02\/check-01.png\" alt=\"\" width=\"15\" height=\"11\" \/>\u00a0 Lan\u00e7amento de novos produtos\/servi\u00e7os<span style=\"font-size: 16px;\"><br \/>\n<\/span><img loading=\"lazy\" decoding=\"async\" class=\"wp-image-2627 alignnone\" src=\"https:\/\/shop.inodev.pt\/wp-content\/uploads\/2021\/02\/check-01.png\" alt=\"\" width=\"15\" height=\"11\" \/>\u00a0 Reposicionamento estrat\u00e9gico<strong><br \/>\n<\/strong><img loading=\"lazy\" decoding=\"async\" class=\"wp-image-2627 alignnone\" style=\"font-weight: inherit;\" src=\"https:\/\/shop.inodev.pt\/wp-content\/uploads\/2021\/02\/check-01.png\" alt=\"\" width=\"15\" height=\"11\" \/> Internacionaliza\u00e7\u00e3o<br \/>\n<img loading=\"lazy\" decoding=\"async\" class=\"wp-image-2627 alignnone\" style=\"font-weight: inherit;\" src=\"https:\/\/shop.inodev.pt\/wp-content\/uploads\/2021\/02\/check-01.png\" alt=\"\" width=\"15\" height=\"11\" \/> Market Research<br \/>\n<img loading=\"lazy\" decoding=\"async\" class=\"wp-image-2627 alignnone\" style=\"font-weight: inherit;\" src=\"https:\/\/shop.inodev.pt\/wp-content\/uploads\/2021\/02\/check-01.png\" alt=\"\" width=\"15\" height=\"11\" \/> Transforma\u00e7\u00e3o Digital<br \/>\n<img loading=\"lazy\" decoding=\"async\" class=\"wp-image-2627 alignnone\" style=\"font-weight: inherit;\" src=\"https:\/\/shop.inodev.pt\/wp-content\/uploads\/2021\/02\/check-01.png\" alt=\"\" width=\"15\" height=\"11\" \/> Submiss\u00e3o de candidaturas a fundos comunit\u00e1rios<\/p>\n<p>Para obter mais informa\u00e7\u00f5es e solicitar um or\u00e7amento, contacte-nos.<\/p>\n<p><u><strong><u style=\"font-weight: inherit;\"><strong style=\"font-size: 16px;\"><a href=\"https:\/\/shop.inodev.pt\/en\/contactos\/\"><img loading=\"lazy\" decoding=\"async\" class=\"alignnone wp-image-4950\" src=\"https:\/\/shop.inodev.pt\/wp-content\/uploads\/2021\/02\/CONTACTAR-63.png\" alt=\"\" width=\"170\" height=\"40\" srcset=\"https:\/\/shop.inodev.pt\/wp-content\/uploads\/2021\/02\/CONTACTAR-63.png 1719w, https:\/\/shop.inodev.pt\/wp-content\/uploads\/2021\/02\/CONTACTAR-63-300x70.png 300w, https:\/\/shop.inodev.pt\/wp-content\/uploads\/2021\/02\/CONTACTAR-63-1024x239.png 1024w, https:\/\/shop.inodev.pt\/wp-content\/uploads\/2021\/02\/CONTACTAR-63-768x180.png 768w, https:\/\/shop.inodev.pt\/wp-content\/uploads\/2021\/02\/CONTACTAR-63-1536x359.png 1536w, https:\/\/shop.inodev.pt\/wp-content\/uploads\/2021\/02\/CONTACTAR-63-16x4.png 16w, https:\/\/shop.inodev.pt\/wp-content\/uploads\/2021\/02\/CONTACTAR-63-24x6.png 24w, https:\/\/shop.inodev.pt\/wp-content\/uploads\/2021\/02\/CONTACTAR-63-36x8.png 36w, https:\/\/shop.inodev.pt\/wp-content\/uploads\/2021\/02\/CONTACTAR-63-48x11.png 48w, https:\/\/shop.inodev.pt\/wp-content\/uploads\/2021\/02\/CONTACTAR-63-600x140.png 600w\" sizes=\"auto, (max-width: 170px) 100vw, 170px\" \/><\/a><\/strong><\/u><\/strong><\/u><\/p>","protected":false},"featured_media":8082,"template":"","meta":{"content-type":"","site-sidebar-layout":"default","site-content-layout":"default","ast-site-content-layout":"default","site-content-style":"default","site-sidebar-style":"default","ast-global-header-display":"","ast-banner-title-visibility":"","ast-main-header-display":"","ast-hfb-above-header-display":"","ast-hfb-below-header-display":"","ast-hfb-mobile-header-display":"","site-post-title":"","ast-breadcrumbs-content":"","ast-featured-img":"","footer-sml-layout":"","theme-transparent-header-meta":"default","adv-header-id-meta":"","stick-header-meta":"","header-above-stick-meta":"","header-main-stick-meta":"","header-below-stick-meta":"","astra-migrate-meta-layouts":"set","_joinchat":{"telephone":"+351913318877","message_text":"Ficou com alguma quest\u00e3o relativamente a este produto?\nEntre em contacto diretamente conosco e esclare\u00e7as as suas d\u00favidas."}},"product_cat":[24],"product_tag":[],"class_list":["post-8080","product","type-product","status-publish","has-post-thumbnail","hentry","product_cat-relatorios","desktop-align-center","tablet-align-center","mobile-align-center"],"yoast_head":"<!-- This site is optimized with the Yoast SEO plugin v20.13 - https:\/\/yoast.com\/wordpress\/plugins\/seo\/ -->\n<title>Projetos \u00e0 medida - Loja Inodev - Consultoria de Inova\u00e7\u00e3o<\/title>\n<meta name=\"description\" content=\"A INODEV \u00e9 especialista em estudos de mercado. Reposicionamento estrat\u00e9gico. Valida\u00e7\u00e3o de ideias. Lan\u00e7amento de novos produtos ou servi\u00e7os.\" \/>\n<meta name=\"robots\" content=\"index, follow, max-snippet:-1, max-image-preview:large, max-video-preview:-1\" \/>\n<link rel=\"canonical\" href=\"https:\/\/shop.inodev.pt\/en\/product\/projetos-a-medida\/\" \/>\n<meta property=\"og:locale\" content=\"en_GB\" \/>\n<meta property=\"og:type\" content=\"article\" \/>\n<meta property=\"og:title\" content=\"Projetos \u00e0 medida - Loja Inodev - Consultoria de Inova\u00e7\u00e3o\" \/>\n<meta property=\"og:description\" content=\"A INODEV \u00e9 especialista em estudos de mercado. Reposicionamento estrat\u00e9gico. Valida\u00e7\u00e3o de ideias. Lan\u00e7amento de novos produtos ou servi\u00e7os.\" \/>\n<meta property=\"og:url\" content=\"https:\/\/shop.inodev.pt\/en\/product\/projetos-a-medida\/\" \/>\n<meta property=\"og:site_name\" content=\"Loja Inodev - Consultoria de Inova\u00e7\u00e3o\" \/>\n<meta property=\"article:publisher\" content=\"https:\/\/www.facebook.com\/inodev\" \/>\n<meta property=\"article:modified_time\" content=\"2024-08-12T11:36:50+00:00\" \/>\n<meta property=\"og:image\" content=\"https:\/\/shop.inodev.pt\/wp-content\/uploads\/2023\/01\/inoDevprojetosmedidapng.png\" \/>\n\t<meta property=\"og:image:width\" content=\"2080\" \/>\n\t<meta property=\"og:image:height\" content=\"2037\" \/>\n\t<meta property=\"og:image:type\" content=\"image\/png\" \/>\n<meta name=\"twitter:card\" content=\"summary_large_image\" \/>\n<script type=\"application\/ld+json\" class=\"yoast-schema-graph\">{\"@context\":\"https:\/\/schema.org\",\"@graph\":[{\"@type\":\"WebPage\",\"@id\":\"https:\/\/shop.inodev.pt\/produto\/projetos-a-medida\/\",\"url\":\"https:\/\/shop.inodev.pt\/produto\/projetos-a-medida\/\",\"name\":\"Projetos \u00e0 medida - Loja Inodev - Consultoria de Inova\u00e7\u00e3o\",\"isPartOf\":{\"@id\":\"https:\/\/shop.inodev.pt\/#website\"},\"datePublished\":\"2023-01-13T11:32:29+00:00\",\"dateModified\":\"2024-08-12T11:36:50+00:00\",\"description\":\"A INODEV \u00e9 especialista em estudos de mercado. Reposicionamento estrat\u00e9gico. Valida\u00e7\u00e3o de ideias. Lan\u00e7amento de novos produtos ou servi\u00e7os.\",\"breadcrumb\":{\"@id\":\"https:\/\/shop.inodev.pt\/produto\/projetos-a-medida\/#breadcrumb\"},\"inLanguage\":\"en-GB\",\"potentialAction\":[{\"@type\":\"ReadAction\",\"target\":[\"https:\/\/shop.inodev.pt\/produto\/projetos-a-medida\/\"]}]},{\"@type\":\"BreadcrumbList\",\"@id\":\"https:\/\/shop.inodev.pt\/produto\/projetos-a-medida\/#breadcrumb\",\"itemListElement\":[{\"@type\":\"ListItem\",\"position\":1,\"name\":\"In\u00edcio\",\"item\":\"https:\/\/shop.inodev.pt\/\"},{\"@type\":\"ListItem\",\"position\":2,\"name\":\"Produtos\",\"item\":\"https:\/\/shop.inodev.pt\/loja\/\"},{\"@type\":\"ListItem\",\"position\":3,\"name\":\"Projetos \u00e0 medida\"}]},{\"@type\":\"WebSite\",\"@id\":\"https:\/\/shop.inodev.pt\/#website\",\"url\":\"https:\/\/shop.inodev.pt\/\",\"name\":\"Loja Inodev - Consultoria de Inova\u00e7\u00e3o\",\"description\":\"Servi\u00e7os consultoria de Inova\u00e7\u00e3o\",\"publisher\":{\"@id\":\"https:\/\/shop.inodev.pt\/#organization\"},\"potentialAction\":[{\"@type\":\"SearchAction\",\"target\":{\"@type\":\"EntryPoint\",\"urlTemplate\":\"https:\/\/shop.inodev.pt\/?s={search_term_string}\"},\"query-input\":\"required name=search_term_string\"}],\"inLanguage\":\"en-GB\"},{\"@type\":\"Organization\",\"@id\":\"https:\/\/shop.inodev.pt\/#organization\",\"name\":\"Loja Inodev - Consultoria de Inova\u00e7\u00e3o\",\"url\":\"https:\/\/shop.inodev.pt\/\",\"logo\":{\"@type\":\"ImageObject\",\"inLanguage\":\"en-GB\",\"@id\":\"https:\/\/shop.inodev.pt\/#\/schema\/logo\/image\/\",\"url\":\"https:\/\/shop.inodev.pt\/wp-content\/uploads\/2021\/07\/cropped-shop_inodev-108.png\",\"contentUrl\":\"https:\/\/shop.inodev.pt\/wp-content\/uploads\/2021\/07\/cropped-shop_inodev-108.png\",\"width\":1671,\"height\":517,\"caption\":\"Loja Inodev - Consultoria de Inova\u00e7\u00e3o\"},\"image\":{\"@id\":\"https:\/\/shop.inodev.pt\/#\/schema\/logo\/image\/\"},\"sameAs\":[\"https:\/\/www.facebook.com\/inodev\",\"https:\/\/www.instagram.com\/inodevportugal\/\",\"https:\/\/pt.linkedin.com\/company\/inodev\"]}]}<\/script>\n<!-- \/ Yoast SEO plugin. -->","yoast_head_json":{"title":"Projetos \u00e0 medida - Loja Inodev - Consultoria de Inova\u00e7\u00e3o","description":"A INODEV \u00e9 especialista em estudos de mercado. Reposicionamento estrat\u00e9gico. Valida\u00e7\u00e3o de ideias. Lan\u00e7amento de novos produtos ou servi\u00e7os.","robots":{"index":"index","follow":"follow","max-snippet":"max-snippet:-1","max-image-preview":"max-image-preview:large","max-video-preview":"max-video-preview:-1"},"canonical":"https:\/\/shop.inodev.pt\/en\/product\/projetos-a-medida\/","og_locale":"en_GB","og_type":"article","og_title":"Projetos \u00e0 medida - Loja Inodev - Consultoria de Inova\u00e7\u00e3o","og_description":"A INODEV \u00e9 especialista em estudos de mercado. Reposicionamento estrat\u00e9gico. Valida\u00e7\u00e3o de ideias. Lan\u00e7amento de novos produtos ou servi\u00e7os.","og_url":"https:\/\/shop.inodev.pt\/en\/product\/projetos-a-medida\/","og_site_name":"Loja Inodev - Consultoria de Inova\u00e7\u00e3o","article_publisher":"https:\/\/www.facebook.com\/inodev","article_modified_time":"2024-08-12T11:36:50+00:00","og_image":[{"width":2080,"height":2037,"url":"https:\/\/shop.inodev.pt\/wp-content\/uploads\/2023\/01\/inoDevprojetosmedidapng.png","type":"image\/png"}],"twitter_card":"summary_large_image","schema":{"@context":"https:\/\/schema.org","@graph":[{"@type":"WebPage","@id":"https:\/\/shop.inodev.pt\/produto\/projetos-a-medida\/","url":"https:\/\/shop.inodev.pt\/produto\/projetos-a-medida\/","name":"Projetos \u00e0 medida - Loja Inodev - Consultoria de Inova\u00e7\u00e3o","isPartOf":{"@id":"https:\/\/shop.inodev.pt\/#website"},"datePublished":"2023-01-13T11:32:29+00:00","dateModified":"2024-08-12T11:36:50+00:00","description":"A INODEV \u00e9 especialista em estudos de mercado. Reposicionamento estrat\u00e9gico. Valida\u00e7\u00e3o de ideias. Lan\u00e7amento de novos produtos ou servi\u00e7os.","breadcrumb":{"@id":"https:\/\/shop.inodev.pt\/produto\/projetos-a-medida\/#breadcrumb"},"inLanguage":"en-GB","potentialAction":[{"@type":"ReadAction","target":["https:\/\/shop.inodev.pt\/produto\/projetos-a-medida\/"]}]},{"@type":"BreadcrumbList","@id":"https:\/\/shop.inodev.pt\/produto\/projetos-a-medida\/#breadcrumb","itemListElement":[{"@type":"ListItem","position":1,"name":"In\u00edcio","item":"https:\/\/shop.inodev.pt\/"},{"@type":"ListItem","position":2,"name":"Produtos","item":"https:\/\/shop.inodev.pt\/loja\/"},{"@type":"ListItem","position":3,"name":"Projetos \u00e0 medida"}]},{"@type":"WebSite","@id":"https:\/\/shop.inodev.pt\/#website","url":"https:\/\/shop.inodev.pt\/","name":"Loja Inodev - Consultoria de Inova\u00e7\u00e3o","description":"Servi\u00e7os consultoria de Inova\u00e7\u00e3o","publisher":{"@id":"https:\/\/shop.inodev.pt\/#organization"},"potentialAction":[{"@type":"SearchAction","target":{"@type":"EntryPoint","urlTemplate":"https:\/\/shop.inodev.pt\/?s={search_term_string}"},"query-input":"required name=search_term_string"}],"inLanguage":"en-GB"},{"@type":"Organization","@id":"https:\/\/shop.inodev.pt\/#organization","name":"Loja Inodev - Consultoria de Inova\u00e7\u00e3o","url":"https:\/\/shop.inodev.pt\/","logo":{"@type":"ImageObject","inLanguage":"en-GB","@id":"https:\/\/shop.inodev.pt\/#\/schema\/logo\/image\/","url":"https:\/\/shop.inodev.pt\/wp-content\/uploads\/2021\/07\/cropped-shop_inodev-108.png","contentUrl":"https:\/\/shop.inodev.pt\/wp-content\/uploads\/2021\/07\/cropped-shop_inodev-108.png","width":1671,"height":517,"caption":"Loja Inodev - Consultoria de Inova\u00e7\u00e3o"},"image":{"@id":"https:\/\/shop.inodev.pt\/#\/schema\/logo\/image\/"},"sameAs":["https:\/\/www.facebook.com\/inodev","https:\/\/www.instagram.com\/inodevportugal\/","https:\/\/pt.linkedin.com\/company\/inodev"]}]}},"_links":{"self":[{"href":"https:\/\/shop.inodev.pt\/en\/wp-json\/wp\/v2\/product\/8080","targetHints":{"allow":["GET"]}}],"collection":[{"href":"https:\/\/shop.inodev.pt\/en\/wp-json\/wp\/v2\/product"}],"about":[{"href":"https:\/\/shop.inodev.pt\/en\/wp-json\/wp\/v2\/types\/product"}],"version-history":[{"count":8,"href":"https:\/\/shop.inodev.pt\/en\/wp-json\/wp\/v2\/product\/8080\/revisions"}],"predecessor-version":[{"id":8092,"href":"https:\/\/shop.inodev.pt\/en\/wp-json\/wp\/v2\/product\/8080\/revisions\/8092"}],"wp:featuredmedia":[{"embeddable":true,"href":"https:\/\/shop.inodev.pt\/en\/wp-json\/wp\/v2\/media\/8082"}],"wp:attachment":[{"href":"https:\/\/shop.inodev.pt\/en\/wp-json\/wp\/v2\/media?parent=8080"}],"wp:term":[{"taxonomy":"product_cat","embeddable":true,"href":"https:\/\/shop.inodev.pt\/en\/wp-json\/wp\/v2\/product_cat?post=8080"},{"taxonomy":"product_tag","embeddable":true,"href":"https:\/\/shop.inodev.pt\/en\/wp-json\/wp\/v2\/product_tag?post=8080"}],"curies":[{"name":"wp","href":"https:\/\/api.w.org\/{rel}","templated":true}]}}