{"id":97,"date":"2018-06-19T12:04:07","date_gmt":"2018-06-19T12:04:07","guid":{"rendered":"https:\/\/shop.inodev.pt\/cart\/"},"modified":"2021-03-22T10:36:56","modified_gmt":"2021-03-22T10:36:56","slug":"carrinho","status":"publish","type":"page","link":"https:\/\/shop.inodev.pt\/en\/carrinho\/","title":{"rendered":"Cart"},"content":{"rendered":"<div data-elementor-type=\"wp-page\" data-elementor-id=\"97\" class=\"elementor elementor-97\">\n\t\t\t\t\t\t\t\t\t<section class=\"elementor-section elementor-top-section elementor-element elementor-element-436001c2 elementor-section-boxed elementor-section-height-default elementor-section-height-default\" data-id=\"436001c2\" data-element_type=\"section\">\n\t\t\t\t\t\t<div class=\"elementor-container elementor-column-gap-default\">\n\t\t\t\t\t<div class=\"elementor-column elementor-col-100 elementor-top-column elementor-element elementor-element-5d94a4b1\" data-id=\"5d94a4b1\" data-element_type=\"column\">\n\t\t\t<div class=\"elementor-widget-wrap elementor-element-populated\">\n\t\t\t\t\t\t\t\t<section class=\"elementor-section elementor-inner-section elementor-element elementor-element-4eb7813 elementor-section-boxed elementor-section-height-default elementor-section-height-default\" data-id=\"4eb7813\" data-element_type=\"section\">\n\t\t\t\t\t\t<div class=\"elementor-container elementor-column-gap-default\">\n\t\t\t\t\t<div class=\"elementor-column elementor-col-50 elementor-inner-column elementor-element elementor-element-4cd32bc\" data-id=\"4cd32bc\" data-element_type=\"column\">\n\t\t\t<div class=\"elementor-widget-wrap\">\n\t\t\t\t\t\t\t\t\t<\/div>\n\t\t<\/div>\n\t\t\t\t<div class=\"elementor-column elementor-col-50 elementor-inner-column elementor-element elementor-element-e0b7a5b\" data-id=\"e0b7a5b\" data-element_type=\"column\">\n\t\t\t<div class=\"elementor-widget-wrap elementor-element-populated\">\n\t\t\t\t\t\t\t\t<div class=\"elementor-element elementor-element-87918e5 elementor-widget elementor-widget-image\" data-id=\"87918e5\" data-element_type=\"widget\" data-widget_type=\"image.default\">\n\t\t\t\t<div class=\"elementor-widget-container\">\n\t\t\t\t\t\t\t\t\t\t\t\t\t\t\t<img loading=\"lazy\" decoding=\"async\" width=\"1024\" height=\"179\" src=\"https:\/\/shop.inodev.pt\/wp-content\/uploads\/2021\/03\/meiospagamentodisponiveis_inodev-02-1024x179.png\" class=\"attachment-large size-large wp-image-2520\" alt=\"\" srcset=\"https:\/\/shop.inodev.pt\/wp-content\/uploads\/2021\/03\/meiospagamentodisponiveis_inodev-02-1024x179.png 1024w, https:\/\/shop.inodev.pt\/wp-content\/uploads\/2021\/03\/meiospagamentodisponiveis_inodev-02-300x52.png 300w, https:\/\/shop.inodev.pt\/wp-content\/uploads\/2021\/03\/meiospagamentodisponiveis_inodev-02-768x134.png 768w, https:\/\/shop.inodev.pt\/wp-content\/uploads\/2021\/03\/meiospagamentodisponiveis_inodev-02-1536x269.png 1536w, https:\/\/shop.inodev.pt\/wp-content\/uploads\/2021\/03\/meiospagamentodisponiveis_inodev-02-2048x358.png 2048w, https:\/\/shop.inodev.pt\/wp-content\/uploads\/2021\/03\/meiospagamentodisponiveis_inodev-02-600x105.png 600w\" sizes=\"auto, (max-width: 1024px) 100vw, 1024px\" \/>\t\t\t\t\t\t\t\t\t\t\t\t\t\t\t<\/div>\n\t\t\t\t<\/div>\n\t\t\t\t\t<\/div>\n\t\t<\/div>\n\t\t\t\t\t\t\t<\/div>\n\t\t<\/section>\n\t\t\t\t<div class=\"elementor-element elementor-element-2dc3d5bf elementor-widget elementor-widget-shortcode\" data-id=\"2dc3d5bf\" data-element_type=\"widget\" data-widget_type=\"shortcode.default\">\n\t\t\t\t<div class=\"elementor-widget-container\">\n\t\t\t\t\t<div class=\"elementor-shortcode\"><div class=\"woocommerce\">\t<p class=\"return-to-shop\">\n\t\t<a class=\"button wc-backward\" href=\"https:\/\/shop.inodev.pt\/en\/loja\/\">\n\t\t\tReturn to shop\t\t<\/a>\n\t<\/p>\n<\/div><\/div>\n\t\t\t\t<\/div>\n\t\t\t\t<\/div>\n\t\t\t\t\t<\/div>\n\t\t<\/div>\n\t\t\t\t\t\t\t<\/div>\n\t\t<\/section>\n\t\t\t\t\t\t\t<\/div>","protected":false},"excerpt":{"rendered":"","protected":false},"author":1,"featured_media":0,"parent":0,"menu_order":0,"comment_status":"closed","ping_status":"closed","template":"","meta":{"content-type":"","site-sidebar-layout":"default","site-content-layout":"default","ast-site-content-layout":"","site-content-style":"default","site-sidebar-style":"default","ast-global-header-display":"","ast-banner-title-visibility":"","ast-main-header-display":"","ast-hfb-above-header-display":"","ast-hfb-below-header-display":"","ast-hfb-mobile-header-display":"","site-post-title":"","ast-breadcrumbs-content":"","ast-featured-img":"","footer-sml-layout":"","theme-transparent-header-meta":"disabled","adv-header-id-meta":"","stick-header-meta":"","header-above-stick-meta":"","header-main-stick-meta":"","header-below-stick-meta":"","astra-migrate-meta-layouts":"","_joinchat":[],"footnotes":""},"class_list":["post-97","page","type-page","status-publish","hentry"],"yoast_head":"<!-- This site is optimized with the Yoast SEO plugin v20.13 - https:\/\/yoast.com\/wordpress\/plugins\/seo\/ -->\n<title>Carrinho - Loja Inodev - Consultoria de Inova\u00e7\u00e3o<\/title>\n<meta name=\"robots\" content=\"index, follow, max-snippet:-1, max-image-preview:large, max-video-preview:-1\" \/>\n<link rel=\"canonical\" href=\"https:\/\/shop.inodev.pt\/en\/carrinho\/\" \/>\n<meta property=\"og:locale\" content=\"en_GB\" \/>\n<meta property=\"og:type\" content=\"article\" \/>\n<meta property=\"og:title\" content=\"Carrinho - Loja Inodev - Consultoria de Inova\u00e7\u00e3o\" \/>\n<meta property=\"og:url\" content=\"https:\/\/shop.inodev.pt\/en\/carrinho\/\" \/>\n<meta property=\"og:site_name\" content=\"Loja Inodev - Consultoria de Inova\u00e7\u00e3o\" \/>\n<meta property=\"article:publisher\" content=\"https:\/\/www.facebook.com\/inodev\" \/>\n<meta property=\"article:modified_time\" content=\"2021-03-22T10:36:56+00:00\" \/>\n<meta property=\"og:image\" content=\"https:\/\/shop.inodev.pt\/wp-content\/uploads\/2021\/03\/meiospagamentodisponiveis_inodev-02-1024x179.png\" \/>\n<meta name=\"twitter:card\" content=\"summary_large_image\" \/>\n<meta name=\"twitter:label1\" content=\"Estimated reading time\" \/>\n\t<meta name=\"twitter:data1\" content=\"1 minute\" \/>\n<script type=\"application\/ld+json\" class=\"yoast-schema-graph\">{\"@context\":\"https:\/\/schema.org\",\"@graph\":[{\"@type\":\"WebPage\",\"@id\":\"https:\/\/shop.inodev.pt\/en\/carrinho\/\",\"url\":\"https:\/\/shop.inodev.pt\/en\/carrinho\/\",\"name\":\"Carrinho - Loja Inodev - Consultoria de Inova\u00e7\u00e3o\",\"isPartOf\":{\"@id\":\"https:\/\/shop.inodev.pt\/#website\"},\"datePublished\":\"2018-06-19T12:04:07+00:00\",\"dateModified\":\"2021-03-22T10:36:56+00:00\",\"breadcrumb\":{\"@id\":\"https:\/\/shop.inodev.pt\/en\/carrinho\/#breadcrumb\"},\"inLanguage\":\"en-GB\",\"potentialAction\":[{\"@type\":\"ReadAction\",\"target\":[\"https:\/\/shop.inodev.pt\/en\/carrinho\/\"]}]},{\"@type\":\"BreadcrumbList\",\"@id\":\"https:\/\/shop.inodev.pt\/en\/carrinho\/#breadcrumb\",\"itemListElement\":[{\"@type\":\"ListItem\",\"position\":1,\"name\":\"In\u00edcio\",\"item\":\"https:\/\/shop.inodev.pt\/\"},{\"@type\":\"ListItem\",\"position\":2,\"name\":\"Carrinho\"}]},{\"@type\":\"WebSite\",\"@id\":\"https:\/\/shop.inodev.pt\/#website\",\"url\":\"https:\/\/shop.inodev.pt\/\",\"name\":\"Loja Inodev - Consultoria de Inova\u00e7\u00e3o\",\"description\":\"Servi\u00e7os consultoria de Inova\u00e7\u00e3o\",\"publisher\":{\"@id\":\"https:\/\/shop.inodev.pt\/#organization\"},\"potentialAction\":[{\"@type\":\"SearchAction\",\"target\":{\"@type\":\"EntryPoint\",\"urlTemplate\":\"https:\/\/shop.inodev.pt\/?s={search_term_string}\"},\"query-input\":\"required name=search_term_string\"}],\"inLanguage\":\"en-GB\"},{\"@type\":\"Organization\",\"@id\":\"https:\/\/shop.inodev.pt\/#organization\",\"name\":\"Loja Inodev - Consultoria de Inova\u00e7\u00e3o\",\"url\":\"https:\/\/shop.inodev.pt\/\",\"logo\":{\"@type\":\"ImageObject\",\"inLanguage\":\"en-GB\",\"@id\":\"https:\/\/shop.inodev.pt\/#\/schema\/logo\/image\/\",\"url\":\"https:\/\/shop.inodev.pt\/wp-content\/uploads\/2021\/07\/cropped-shop_inodev-108.png\",\"contentUrl\":\"https:\/\/shop.inodev.pt\/wp-content\/uploads\/2021\/07\/cropped-shop_inodev-108.png\",\"width\":1671,\"height\":517,\"caption\":\"Loja Inodev - Consultoria de Inova\u00e7\u00e3o\"},\"image\":{\"@id\":\"https:\/\/shop.inodev.pt\/#\/schema\/logo\/image\/\"},\"sameAs\":[\"https:\/\/www.facebook.com\/inodev\",\"https:\/\/www.instagram.com\/inodevportugal\/\",\"https:\/\/pt.linkedin.com\/company\/inodev\"]}]}<\/script>\n<!-- \/ Yoast SEO plugin. -->","yoast_head_json":{"title":"Carrinho - Loja Inodev - Consultoria de Inova\u00e7\u00e3o","robots":{"index":"index","follow":"follow","max-snippet":"max-snippet:-1","max-image-preview":"max-image-preview:large","max-video-preview":"max-video-preview:-1"},"canonical":"https:\/\/shop.inodev.pt\/en\/carrinho\/","og_locale":"en_GB","og_type":"article","og_title":"Carrinho - Loja Inodev - Consultoria de Inova\u00e7\u00e3o","og_url":"https:\/\/shop.inodev.pt\/en\/carrinho\/","og_site_name":"Loja Inodev - Consultoria de Inova\u00e7\u00e3o","article_publisher":"https:\/\/www.facebook.com\/inodev","article_modified_time":"2021-03-22T10:36:56+00:00","og_image":[{"url":"https:\/\/shop.inodev.pt\/wp-content\/uploads\/2021\/03\/meiospagamentodisponiveis_inodev-02-1024x179.png"}],"twitter_card":"summary_large_image","twitter_misc":{"Estimated reading time":"1 minute"},"schema":{"@context":"https:\/\/schema.org","@graph":[{"@type":"WebPage","@id":"https:\/\/shop.inodev.pt\/en\/carrinho\/","url":"https:\/\/shop.inodev.pt\/en\/carrinho\/","name":"Carrinho - Loja Inodev - Consultoria de Inova\u00e7\u00e3o","isPartOf":{"@id":"https:\/\/shop.inodev.pt\/#website"},"datePublished":"2018-06-19T12:04:07+00:00","dateModified":"2021-03-22T10:36:56+00:00","breadcrumb":{"@id":"https:\/\/shop.inodev.pt\/en\/carrinho\/#breadcrumb"},"inLanguage":"en-GB","potentialAction":[{"@type":"ReadAction","target":["https:\/\/shop.inodev.pt\/en\/carrinho\/"]}]},{"@type":"BreadcrumbList","@id":"https:\/\/shop.inodev.pt\/en\/carrinho\/#breadcrumb","itemListElement":[{"@type":"ListItem","position":1,"name":"In\u00edcio","item":"https:\/\/shop.inodev.pt\/"},{"@type":"ListItem","position":2,"name":"Carrinho"}]},{"@type":"WebSite","@id":"https:\/\/shop.inodev.pt\/#website","url":"https:\/\/shop.inodev.pt\/","name":"Loja Inodev - Consultoria de Inova\u00e7\u00e3o","description":"Servi\u00e7os consultoria de Inova\u00e7\u00e3o","publisher":{"@id":"https:\/\/shop.inodev.pt\/#organization"},"potentialAction":[{"@type":"SearchAction","target":{"@type":"EntryPoint","urlTemplate":"https:\/\/shop.inodev.pt\/?s={search_term_string}"},"query-input":"required name=search_term_string"}],"inLanguage":"en-GB"},{"@type":"Organization","@id":"https:\/\/shop.inodev.pt\/#organization","name":"Loja Inodev - Consultoria de Inova\u00e7\u00e3o","url":"https:\/\/shop.inodev.pt\/","logo":{"@type":"ImageObject","inLanguage":"en-GB","@id":"https:\/\/shop.inodev.pt\/#\/schema\/logo\/image\/","url":"https:\/\/shop.inodev.pt\/wp-content\/uploads\/2021\/07\/cropped-shop_inodev-108.png","contentUrl":"https:\/\/shop.inodev.pt\/wp-content\/uploads\/2021\/07\/cropped-shop_inodev-108.png","width":1671,"height":517,"caption":"Loja Inodev - Consultoria de Inova\u00e7\u00e3o"},"image":{"@id":"https:\/\/shop.inodev.pt\/#\/schema\/logo\/image\/"},"sameAs":["https:\/\/www.facebook.com\/inodev","https:\/\/www.instagram.com\/inodevportugal\/","https:\/\/pt.linkedin.com\/company\/inodev"]}]}},"_links":{"self":[{"href":"https:\/\/shop.inodev.pt\/en\/wp-json\/wp\/v2\/pages\/97","targetHints":{"allow":["GET"]}}],"collection":[{"href":"https:\/\/shop.inodev.pt\/en\/wp-json\/wp\/v2\/pages"}],"about":[{"href":"https:\/\/shop.inodev.pt\/en\/wp-json\/wp\/v2\/types\/page"}],"author":[{"embeddable":true,"href":"https:\/\/shop.inodev.pt\/en\/wp-json\/wp\/v2\/users\/1"}],"replies":[{"embeddable":true,"href":"https:\/\/shop.inodev.pt\/en\/wp-json\/wp\/v2\/comments?post=97"}],"version-history":[{"count":9,"href":"https:\/\/shop.inodev.pt\/en\/wp-json\/wp\/v2\/pages\/97\/revisions"}],"predecessor-version":[{"id":9463,"href":"https:\/\/shop.inodev.pt\/en\/wp-json\/wp\/v2\/pages\/97\/revisions\/9463"}],"wp:attachment":[{"href":"https:\/\/shop.inodev.pt\/en\/wp-json\/wp\/v2\/media?parent=97"}],"curies":[{"name":"wp","href":"https:\/\/api.w.org\/{rel}","templated":true}]}}