{"id":7966,"date":"2023-01-11T10:15:31","date_gmt":"2023-01-11T10:15:31","guid":{"rendered":"https:\/\/shop.inodev.pt\/?page_id=7966"},"modified":"2023-05-19T16:07:24","modified_gmt":"2023-05-19T16:07:24","slug":"formacao","status":"publish","type":"page","link":"https:\/\/shop.inodev.pt\/en\/formacao\/","title":{"rendered":"Forma\u00e7\u00e3o"},"content":{"rendered":"<div data-elementor-type=\"wp-post\" data-elementor-id=\"7966\" class=\"elementor elementor-7966\">\n\t\t\t\t\t\t\t\t\t<section class=\"elementor-section elementor-top-section elementor-element elementor-element-6b61efa elementor-section-boxed elementor-section-height-default elementor-section-height-default\" data-id=\"6b61efa\" data-element_type=\"section\">\n\t\t\t\t\t\t<div class=\"elementor-container elementor-column-gap-default\">\n\t\t\t\t\t<div class=\"elementor-column elementor-col-100 elementor-top-column elementor-element elementor-element-27f9be6\" data-id=\"27f9be6\" data-element_type=\"column\">\n\t\t\t<div class=\"elementor-widget-wrap\">\n\t\t\t\t\t\t\t\t\t<\/div>\n\t\t<\/div>\n\t\t\t\t\t\t\t<\/div>\n\t\t<\/section>\n\t\t\t\t<section class=\"elementor-section elementor-top-section elementor-element elementor-element-20afd7b elementor-section-boxed elementor-section-height-default elementor-section-height-default\" data-id=\"20afd7b\" data-element_type=\"section\" data-settings=\"{&quot;background_background&quot;:&quot;classic&quot;}\">\n\t\t\t\t\t\t<div class=\"elementor-container elementor-column-gap-default\">\n\t\t\t\t\t<div class=\"elementor-column elementor-col-50 elementor-top-column elementor-element elementor-element-99d286e\" data-id=\"99d286e\" data-element_type=\"column\">\n\t\t\t<div class=\"elementor-widget-wrap elementor-element-populated\">\n\t\t\t\t\t\t\t\t<div class=\"elementor-element elementor-element-77833f9 elementor-widget elementor-widget-heading\" data-id=\"77833f9\" data-element_type=\"widget\" data-widget_type=\"heading.default\">\n\t\t\t\t<div class=\"elementor-widget-container\">\n\t\t\t<h2 class=\"elementor-heading-title elementor-size-default\">Portugal 2030 - O incentivo \u00e0 Inova\u00e7\u00e3o Produtiva<\/h2>\t\t<\/div>\n\t\t\t\t<\/div>\n\t\t\t\t\t<\/div>\n\t\t<\/div>\n\t\t\t\t<div class=\"elementor-column elementor-col-50 elementor-top-column elementor-element elementor-element-055b77d\" data-id=\"055b77d\" data-element_type=\"column\">\n\t\t\t<div class=\"elementor-widget-wrap elementor-element-populated\">\n\t\t\t\t\t\t\t\t<div class=\"elementor-element elementor-element-ae50ddb elementor-align-center elementor-widget elementor-widget-button\" data-id=\"ae50ddb\" data-element_type=\"widget\" data-widget_type=\"button.default\">\n\t\t\t\t<div class=\"elementor-widget-container\">\n\t\t\t\t\t<div class=\"elementor-button-wrapper\">\n\t\t\t<a class=\"elementor-button elementor-button-link elementor-size-sm elementor-animation-shrink\" href=\"https:\/\/shop.inodev.pt\/en\/\">\n\t\t\t\t\t\t<span class=\"elementor-button-content-wrapper\">\n\t\t\t\t\t\t<span class=\"elementor-button-text\">Know more<\/span>\n\t\t<\/span>\n\t\t\t\t\t<\/a>\n\t\t<\/div>\n\t\t\t\t<\/div>\n\t\t\t\t<\/div>\n\t\t\t\t\t<\/div>\n\t\t<\/div>\n\t\t\t\t\t\t\t<\/div>\n\t\t<\/section>\n\t\t\t\t<section class=\"elementor-section elementor-top-section elementor-element elementor-element-7af1913 elementor-section-content-middle elementor-section-boxed elementor-section-height-default elementor-section-height-default\" data-id=\"7af1913\" data-element_type=\"section\" data-settings=\"{&quot;background_background&quot;:&quot;classic&quot;}\">\n\t\t\t\t\t\t\t<div class=\"elementor-background-overlay\"><\/div>\n\t\t\t\t\t\t\t<div class=\"elementor-container elementor-column-gap-default\">\n\t\t\t\t\t<div class=\"elementor-column elementor-col-25 elementor-top-column elementor-element elementor-element-489d1b7\" data-id=\"489d1b7\" data-element_type=\"column\">\n\t\t\t<div class=\"elementor-widget-wrap\">\n\t\t\t\t\t\t\t\t\t<\/div>\n\t\t<\/div>\n\t\t\t\t<div class=\"elementor-column elementor-col-50 elementor-top-column elementor-element elementor-element-784f689\" data-id=\"784f689\" data-element_type=\"column\">\n\t\t\t<div class=\"elementor-widget-wrap elementor-element-populated\">\n\t\t\t\t\t\t\t\t<div class=\"elementor-element elementor-element-0d33147 animated-slow elementor-invisible elementor-widget elementor-widget-heading\" data-id=\"0d33147\" data-element_type=\"widget\" data-settings=\"{&quot;_animation&quot;:&quot;fadeInDown&quot;}\" data-widget_type=\"heading.default\">\n\t\t\t\t<div class=\"elementor-widget-container\">\n\t\t\t<h1 class=\"elementor-heading-title elementor-size-default\">Forma\u00e7\u00e3o<\/h1>\t\t<\/div>\n\t\t\t\t<\/div>\n\t\t\t\t<div class=\"elementor-element elementor-element-9f271fd animated-slow elementor-invisible elementor-widget elementor-widget-text-editor\" data-id=\"9f271fd\" data-element_type=\"widget\" data-settings=\"{&quot;_animation&quot;:&quot;fadeInUp&quot;}\" data-widget_type=\"text-editor.default\">\n\t\t\t\t<div class=\"elementor-widget-container\">\n\t\t\t\t\t\t\t<p><strong>Explore as diferentes \u00e1reas de forma\u00e7\u00e3o que disponibilizamos para si.<\/strong><\/p>\t\t\t\t\t\t<\/div>\n\t\t\t\t<\/div>\n\t\t\t\t\t<\/div>\n\t\t<\/div>\n\t\t\t\t<div class=\"elementor-column elementor-col-25 elementor-top-column elementor-element elementor-element-7c707a9\" data-id=\"7c707a9\" data-element_type=\"column\">\n\t\t\t<div class=\"elementor-widget-wrap\">\n\t\t\t\t\t\t\t\t\t<\/div>\n\t\t<\/div>\n\t\t\t\t\t\t\t<\/div>\n\t\t<\/section>\n\t\t\t\t<section class=\"elementor-section elementor-top-section elementor-element elementor-element-ed949ab elementor-section-content-middle elementor-section-boxed elementor-section-height-default elementor-section-height-default\" data-id=\"ed949ab\" data-element_type=\"section\">\n\t\t\t\t\t\t<div class=\"elementor-container elementor-column-gap-no\">\n\t\t\t\t\t<div class=\"elementor-column elementor-col-100 elementor-top-column elementor-element elementor-element-1797986\" data-id=\"1797986\" data-element_type=\"column\">\n\t\t\t<div class=\"elementor-widget-wrap elementor-element-populated\">\n\t\t\t\t\t\t\t\t<section class=\"elementor-section elementor-inner-section elementor-element elementor-element-294efba elementor-section-boxed elementor-section-height-default elementor-section-height-default\" data-id=\"294efba\" data-element_type=\"section\">\n\t\t\t\t\t\t<div class=\"elementor-container elementor-column-gap-default\">\n\t\t\t\t\t<div class=\"elementor-column elementor-col-50 elementor-inner-column elementor-element elementor-element-da7175c\" data-id=\"da7175c\" data-element_type=\"column\">\n\t\t\t<div class=\"elementor-widget-wrap elementor-element-populated\">\n\t\t\t\t\t\t\t\t<div class=\"elementor-element elementor-element-101665c elementor-view-stacked elementor-position-left elementor-vertical-align-middle elementor-shape-circle elementor-mobile-position-top elementor-widget elementor-widget-icon-box\" data-id=\"101665c\" data-element_type=\"widget\" data-widget_type=\"icon-box.default\">\n\t\t\t\t<div class=\"elementor-widget-container\">\n\t\t\t\t\t<div class=\"elementor-icon-box-wrapper\">\n\t\t\t\t\t\t<div class=\"elementor-icon-box-icon\">\n\t\t\t\t<span class=\"elementor-icon elementor-animation-grow\" >\n\t\t\t\t<i aria-hidden=\"true\" class=\"far fa-file-alt\"><\/i>\t\t\t\t<\/span>\n\t\t\t<\/div>\n\t\t\t\t\t\t<div class=\"elementor-icon-box-content\">\n\t\t\t\t<h3 class=\"elementor-icon-box-title\">\n\t\t\t\t\t<span  >\n\t\t\t\t\t\tConsulting\t\t\t\t\t<\/span>\n\t\t\t\t<\/h3>\n\t\t\t\t\t\t\t<\/div>\n\t\t<\/div>\n\t\t\t\t<\/div>\n\t\t\t\t<\/div>\n\t\t\t\t\t<\/div>\n\t\t<\/div>\n\t\t\t\t<div class=\"elementor-column elementor-col-50 elementor-inner-column elementor-element elementor-element-abd12cc\" data-id=\"abd12cc\" data-element_type=\"column\">\n\t\t\t<div class=\"elementor-widget-wrap elementor-element-populated\">\n\t\t\t\t\t\t\t\t<div class=\"elementor-element elementor-element-6471c9b elementor-view-stacked elementor-position-left elementor-vertical-align-middle elementor-shape-circle elementor-mobile-position-top elementor-widget elementor-widget-icon-box\" data-id=\"6471c9b\" data-element_type=\"widget\" data-widget_type=\"icon-box.default\">\n\t\t\t\t<div class=\"elementor-widget-container\">\n\t\t\t\t\t<div class=\"elementor-icon-box-wrapper\">\n\t\t\t\t\t\t<div class=\"elementor-icon-box-icon\">\n\t\t\t\t<span class=\"elementor-icon elementor-animation-grow\" >\n\t\t\t\t<i aria-hidden=\"true\" class=\"far fa-comments\"><\/i>\t\t\t\t<\/span>\n\t\t\t<\/div>\n\t\t\t\t\t\t<div class=\"elementor-icon-box-content\">\n\t\t\t\t<h3 class=\"elementor-icon-box-title\">\n\t\t\t\t\t<span  >\n\t\t\t\t\t\tCoaching\t\t\t\t\t<\/span>\n\t\t\t\t<\/h3>\n\t\t\t\t\t\t\t<\/div>\n\t\t<\/div>\n\t\t\t\t<\/div>\n\t\t\t\t<\/div>\n\t\t\t\t\t<\/div>\n\t\t<\/div>\n\t\t\t\t\t\t\t<\/div>\n\t\t<\/section>\n\t\t\t\t<section class=\"elementor-section elementor-inner-section elementor-element elementor-element-0de6451 elementor-section-boxed elementor-section-height-default elementor-section-height-default\" data-id=\"0de6451\" data-element_type=\"section\">\n\t\t\t\t\t\t<div class=\"elementor-container elementor-column-gap-default\">\n\t\t\t\t\t<div class=\"elementor-column elementor-col-50 elementor-inner-column elementor-element elementor-element-8449a34\" data-id=\"8449a34\" data-element_type=\"column\">\n\t\t\t<div class=\"elementor-widget-wrap elementor-element-populated\">\n\t\t\t\t\t\t\t\t<div class=\"elementor-element elementor-element-d37682b elementor-view-stacked elementor-position-left elementor-vertical-align-middle elementor-shape-circle elementor-mobile-position-top elementor-widget elementor-widget-icon-box\" data-id=\"d37682b\" data-element_type=\"widget\" data-widget_type=\"icon-box.default\">\n\t\t\t\t<div class=\"elementor-widget-container\">\n\t\t\t\t\t<div class=\"elementor-icon-box-wrapper\">\n\t\t\t\t\t\t<div class=\"elementor-icon-box-icon\">\n\t\t\t\t<span class=\"elementor-icon elementor-animation-grow\" >\n\t\t\t\t<i aria-hidden=\"true\" class=\"far fa-lightbulb\"><\/i>\t\t\t\t<\/span>\n\t\t\t<\/div>\n\t\t\t\t\t\t<div class=\"elementor-icon-box-content\">\n\t\t\t\t<h3 class=\"elementor-icon-box-title\">\n\t\t\t\t\t<span  >\n\t\t\t\t\t\tInova\u00e7\u00e3o\t\t\t\t\t<\/span>\n\t\t\t\t<\/h3>\n\t\t\t\t\t\t\t<\/div>\n\t\t<\/div>\n\t\t\t\t<\/div>\n\t\t\t\t<\/div>\n\t\t\t\t\t<\/div>\n\t\t<\/div>\n\t\t\t\t<div class=\"elementor-column elementor-col-50 elementor-inner-column elementor-element elementor-element-dcf35b1\" data-id=\"dcf35b1\" data-element_type=\"column\">\n\t\t\t<div class=\"elementor-widget-wrap elementor-element-populated\">\n\t\t\t\t\t\t\t\t<div class=\"elementor-element elementor-element-c084119 elementor-view-stacked elementor-position-left elementor-vertical-align-middle elementor-shape-circle elementor-mobile-position-top elementor-widget elementor-widget-icon-box\" data-id=\"c084119\" data-element_type=\"widget\" data-widget_type=\"icon-box.default\">\n\t\t\t\t<div class=\"elementor-widget-container\">\n\t\t\t\t\t<div class=\"elementor-icon-box-wrapper\">\n\t\t\t\t\t\t<div class=\"elementor-icon-box-icon\">\n\t\t\t\t<span class=\"elementor-icon elementor-animation-grow\" >\n\t\t\t\t<i aria-hidden=\"true\" class=\"fas fa-user-friends\"><\/i>\t\t\t\t<\/span>\n\t\t\t<\/div>\n\t\t\t\t\t\t<div class=\"elementor-icon-box-content\">\n\t\t\t\t<h3 class=\"elementor-icon-box-title\">\n\t\t\t\t\t<span  >\n\t\t\t\t\t\tParceiros\t\t\t\t\t<\/span>\n\t\t\t\t<\/h3>\n\t\t\t\t\t\t\t<\/div>\n\t\t<\/div>\n\t\t\t\t<\/div>\n\t\t\t\t<\/div>\n\t\t\t\t\t<\/div>\n\t\t<\/div>\n\t\t\t\t\t\t\t<\/div>\n\t\t<\/section>\n\t\t\t\t\t<\/div>\n\t\t<\/div>\n\t\t\t\t\t\t\t<\/div>\n\t\t<\/section>\n\t\t\t\t<section class=\"elementor-section elementor-top-section elementor-element elementor-element-315375a elementor-section-boxed elementor-section-height-default elementor-section-height-default\" data-id=\"315375a\" data-element_type=\"section\">\n\t\t\t\t\t\t<div class=\"elementor-container elementor-column-gap-default\">\n\t\t\t\t\t<div class=\"elementor-column elementor-col-100 elementor-top-column elementor-element elementor-element-fa86e7d\" data-id=\"fa86e7d\" data-element_type=\"column\">\n\t\t\t<div class=\"elementor-widget-wrap elementor-element-populated\">\n\t\t\t\t\t\t\t\t<div class=\"elementor-element elementor-element-fea6946 elementor-widget elementor-widget-heading\" data-id=\"fea6946\" data-element_type=\"widget\" data-widget_type=\"heading.default\">\n\t\t\t\t<div class=\"elementor-widget-container\">\n\t\t\t<h2 class=\"elementor-heading-title elementor-size-default\">Know more<\/h2>\t\t<\/div>\n\t\t\t\t<\/div>\n\t\t\t\t<div class=\"elementor-element elementor-element-fa28677 elementor-align-center elementor-widget elementor-widget-button\" data-id=\"fa28677\" data-element_type=\"widget\" data-widget_type=\"button.default\">\n\t\t\t\t<div class=\"elementor-widget-container\">\n\t\t\t\t\t<div class=\"elementor-button-wrapper\">\n\t\t\t<a class=\"elementor-button elementor-button-link elementor-size-sm elementor-animation-pulse-grow\" href=\"https:\/\/academy.inodev.pt\/\">\n\t\t\t\t\t\t<span class=\"elementor-button-content-wrapper\">\n\t\t\t\t\t\t<span class=\"elementor-button-text\">Clique aqui<\/span>\n\t\t<\/span>\n\t\t\t\t\t<\/a>\n\t\t<\/div>\n\t\t\t\t<\/div>\n\t\t\t\t<\/div>\n\t\t\t\t\t<\/div>\n\t\t<\/div>\n\t\t\t\t\t\t\t<\/div>\n\t\t<\/section>\n\t\t\t\t\t\t\t<\/div>","protected":false},"excerpt":{"rendered":"<p>Portugal 2030 &#8211; O incentivo \u00e0 Inova\u00e7\u00e3o Produtiva Saber mais Forma\u00e7\u00e3o Explore as diferentes \u00e1reas de forma\u00e7\u00e3o que disponibilizamos para si. Consultoria Coaching Inova\u00e7\u00e3o Parceiros Saiba mais Clique aqui<\/p>","protected":false},"author":1,"featured_media":0,"parent":0,"menu_order":0,"comment_status":"closed","ping_status":"closed","template":"","meta":{"content-type":"","site-sidebar-layout":"no-sidebar","site-content-layout":"page-builder","ast-site-content-layout":"","site-content-style":"default","site-sidebar-style":"default","ast-global-header-display":"","ast-banner-title-visibility":"","ast-main-header-display":"","ast-hfb-above-header-display":"","ast-hfb-below-header-display":"","ast-hfb-mobile-header-display":"","site-post-title":"disabled","ast-breadcrumbs-content":"","ast-featured-img":"disabled","footer-sml-layout":"","theme-transparent-header-meta":"enabled","adv-header-id-meta":"","stick-header-meta":"","header-above-stick-meta":"","header-main-stick-meta":"","header-below-stick-meta":"","astra-migrate-meta-layouts":"","_joinchat":[],"footnotes":""},"class_list":["post-7966","page","type-page","status-publish","hentry"],"yoast_head":"<!-- This site is optimized with the Yoast SEO plugin v20.13 - https:\/\/yoast.com\/wordpress\/plugins\/seo\/ -->\n<title>Forma\u00e7\u00e3o - Loja Inodev - Consultoria de Inova\u00e7\u00e3o<\/title>\n<meta name=\"description\" content=\"Simplific\u00e1mos a consultoria e cri\u00e1mos solu\u00e7\u00f5es inovadoras \u00e0 medida do seu neg\u00f3cio. Benchmarking, estudos de mercado, planos de neg\u00f3cio e muito mais!\" \/>\n<meta name=\"robots\" content=\"index, follow, max-snippet:-1, max-image-preview:large, max-video-preview:-1\" \/>\n<link rel=\"canonical\" href=\"https:\/\/shop.inodev.pt\/en\/formacao\/\" \/>\n<meta property=\"og:locale\" content=\"en_GB\" \/>\n<meta property=\"og:type\" content=\"article\" \/>\n<meta property=\"og:title\" content=\"Forma\u00e7\u00e3o - Loja Inodev - Consultoria de Inova\u00e7\u00e3o\" \/>\n<meta property=\"og:description\" content=\"Simplific\u00e1mos a consultoria e cri\u00e1mos solu\u00e7\u00f5es inovadoras \u00e0 medida do seu neg\u00f3cio. Benchmarking, estudos de mercado, planos de neg\u00f3cio e muito mais!\" \/>\n<meta property=\"og:url\" content=\"https:\/\/shop.inodev.pt\/en\/formacao\/\" \/>\n<meta property=\"og:site_name\" content=\"Loja Inodev - Consultoria de Inova\u00e7\u00e3o\" \/>\n<meta property=\"article:publisher\" content=\"https:\/\/www.facebook.com\/inodev\" \/>\n<meta property=\"article:modified_time\" content=\"2023-05-19T16:07:24+00:00\" \/>\n<meta name=\"twitter:card\" content=\"summary_large_image\" \/>\n<meta name=\"twitter:label1\" content=\"Estimated reading time\" \/>\n\t<meta name=\"twitter:data1\" content=\"1 minute\" \/>\n<script type=\"application\/ld+json\" class=\"yoast-schema-graph\">{\"@context\":\"https:\/\/schema.org\",\"@graph\":[{\"@type\":\"WebPage\",\"@id\":\"https:\/\/shop.inodev.pt\/formacao\/\",\"url\":\"https:\/\/shop.inodev.pt\/formacao\/\",\"name\":\"Forma\u00e7\u00e3o - Loja Inodev - Consultoria de Inova\u00e7\u00e3o\",\"isPartOf\":{\"@id\":\"https:\/\/shop.inodev.pt\/#website\"},\"datePublished\":\"2023-01-11T10:15:31+00:00\",\"dateModified\":\"2023-05-19T16:07:24+00:00\",\"description\":\"Simplific\u00e1mos a consultoria e cri\u00e1mos solu\u00e7\u00f5es inovadoras \u00e0 medida do seu neg\u00f3cio. Benchmarking, estudos de mercado, planos de neg\u00f3cio e muito mais!\",\"breadcrumb\":{\"@id\":\"https:\/\/shop.inodev.pt\/formacao\/#breadcrumb\"},\"inLanguage\":\"en-GB\",\"potentialAction\":[{\"@type\":\"ReadAction\",\"target\":[\"https:\/\/shop.inodev.pt\/formacao\/\"]}]},{\"@type\":\"BreadcrumbList\",\"@id\":\"https:\/\/shop.inodev.pt\/formacao\/#breadcrumb\",\"itemListElement\":[{\"@type\":\"ListItem\",\"position\":1,\"name\":\"In\u00edcio\",\"item\":\"https:\/\/shop.inodev.pt\/\"},{\"@type\":\"ListItem\",\"position\":2,\"name\":\"Forma\u00e7\u00e3o\"}]},{\"@type\":\"WebSite\",\"@id\":\"https:\/\/shop.inodev.pt\/#website\",\"url\":\"https:\/\/shop.inodev.pt\/\",\"name\":\"Loja Inodev - Consultoria de Inova\u00e7\u00e3o\",\"description\":\"Servi\u00e7os consultoria de Inova\u00e7\u00e3o\",\"publisher\":{\"@id\":\"https:\/\/shop.inodev.pt\/#organization\"},\"potentialAction\":[{\"@type\":\"SearchAction\",\"target\":{\"@type\":\"EntryPoint\",\"urlTemplate\":\"https:\/\/shop.inodev.pt\/?s={search_term_string}\"},\"query-input\":\"required name=search_term_string\"}],\"inLanguage\":\"en-GB\"},{\"@type\":\"Organization\",\"@id\":\"https:\/\/shop.inodev.pt\/#organization\",\"name\":\"Loja Inodev - Consultoria de Inova\u00e7\u00e3o\",\"url\":\"https:\/\/shop.inodev.pt\/\",\"logo\":{\"@type\":\"ImageObject\",\"inLanguage\":\"en-GB\",\"@id\":\"https:\/\/shop.inodev.pt\/#\/schema\/logo\/image\/\",\"url\":\"https:\/\/shop.inodev.pt\/wp-content\/uploads\/2021\/07\/cropped-shop_inodev-108.png\",\"contentUrl\":\"https:\/\/shop.inodev.pt\/wp-content\/uploads\/2021\/07\/cropped-shop_inodev-108.png\",\"width\":1671,\"height\":517,\"caption\":\"Loja Inodev - Consultoria de Inova\u00e7\u00e3o\"},\"image\":{\"@id\":\"https:\/\/shop.inodev.pt\/#\/schema\/logo\/image\/\"},\"sameAs\":[\"https:\/\/www.facebook.com\/inodev\",\"https:\/\/www.instagram.com\/inodevportugal\/\",\"https:\/\/pt.linkedin.com\/company\/inodev\"]}]}<\/script>\n<!-- \/ Yoast SEO plugin. -->","yoast_head_json":{"title":"Forma\u00e7\u00e3o - Loja Inodev - Consultoria de Inova\u00e7\u00e3o","description":"Simplific\u00e1mos a consultoria e cri\u00e1mos solu\u00e7\u00f5es inovadoras \u00e0 medida do seu neg\u00f3cio. Benchmarking, estudos de mercado, planos de neg\u00f3cio e muito mais!","robots":{"index":"index","follow":"follow","max-snippet":"max-snippet:-1","max-image-preview":"max-image-preview:large","max-video-preview":"max-video-preview:-1"},"canonical":"https:\/\/shop.inodev.pt\/en\/formacao\/","og_locale":"en_GB","og_type":"article","og_title":"Forma\u00e7\u00e3o - Loja Inodev - Consultoria de Inova\u00e7\u00e3o","og_description":"Simplific\u00e1mos a consultoria e cri\u00e1mos solu\u00e7\u00f5es inovadoras \u00e0 medida do seu neg\u00f3cio. Benchmarking, estudos de mercado, planos de neg\u00f3cio e muito mais!","og_url":"https:\/\/shop.inodev.pt\/en\/formacao\/","og_site_name":"Loja Inodev - Consultoria de Inova\u00e7\u00e3o","article_publisher":"https:\/\/www.facebook.com\/inodev","article_modified_time":"2023-05-19T16:07:24+00:00","twitter_card":"summary_large_image","twitter_misc":{"Estimated reading time":"1 minute"},"schema":{"@context":"https:\/\/schema.org","@graph":[{"@type":"WebPage","@id":"https:\/\/shop.inodev.pt\/formacao\/","url":"https:\/\/shop.inodev.pt\/formacao\/","name":"Forma\u00e7\u00e3o - Loja Inodev - Consultoria de Inova\u00e7\u00e3o","isPartOf":{"@id":"https:\/\/shop.inodev.pt\/#website"},"datePublished":"2023-01-11T10:15:31+00:00","dateModified":"2023-05-19T16:07:24+00:00","description":"Simplific\u00e1mos a consultoria e cri\u00e1mos solu\u00e7\u00f5es inovadoras \u00e0 medida do seu neg\u00f3cio. Benchmarking, estudos de mercado, planos de neg\u00f3cio e muito mais!","breadcrumb":{"@id":"https:\/\/shop.inodev.pt\/formacao\/#breadcrumb"},"inLanguage":"en-GB","potentialAction":[{"@type":"ReadAction","target":["https:\/\/shop.inodev.pt\/formacao\/"]}]},{"@type":"BreadcrumbList","@id":"https:\/\/shop.inodev.pt\/formacao\/#breadcrumb","itemListElement":[{"@type":"ListItem","position":1,"name":"In\u00edcio","item":"https:\/\/shop.inodev.pt\/"},{"@type":"ListItem","position":2,"name":"Forma\u00e7\u00e3o"}]},{"@type":"WebSite","@id":"https:\/\/shop.inodev.pt\/#website","url":"https:\/\/shop.inodev.pt\/","name":"Loja Inodev - Consultoria de Inova\u00e7\u00e3o","description":"Servi\u00e7os consultoria de Inova\u00e7\u00e3o","publisher":{"@id":"https:\/\/shop.inodev.pt\/#organization"},"potentialAction":[{"@type":"SearchAction","target":{"@type":"EntryPoint","urlTemplate":"https:\/\/shop.inodev.pt\/?s={search_term_string}"},"query-input":"required name=search_term_string"}],"inLanguage":"en-GB"},{"@type":"Organization","@id":"https:\/\/shop.inodev.pt\/#organization","name":"Loja Inodev - Consultoria de Inova\u00e7\u00e3o","url":"https:\/\/shop.inodev.pt\/","logo":{"@type":"ImageObject","inLanguage":"en-GB","@id":"https:\/\/shop.inodev.pt\/#\/schema\/logo\/image\/","url":"https:\/\/shop.inodev.pt\/wp-content\/uploads\/2021\/07\/cropped-shop_inodev-108.png","contentUrl":"https:\/\/shop.inodev.pt\/wp-content\/uploads\/2021\/07\/cropped-shop_inodev-108.png","width":1671,"height":517,"caption":"Loja Inodev - Consultoria de Inova\u00e7\u00e3o"},"image":{"@id":"https:\/\/shop.inodev.pt\/#\/schema\/logo\/image\/"},"sameAs":["https:\/\/www.facebook.com\/inodev","https:\/\/www.instagram.com\/inodevportugal\/","https:\/\/pt.linkedin.com\/company\/inodev"]}]}},"_links":{"self":[{"href":"https:\/\/shop.inodev.pt\/en\/wp-json\/wp\/v2\/pages\/7966","targetHints":{"allow":["GET"]}}],"collection":[{"href":"https:\/\/shop.inodev.pt\/en\/wp-json\/wp\/v2\/pages"}],"about":[{"href":"https:\/\/shop.inodev.pt\/en\/wp-json\/wp\/v2\/types\/page"}],"author":[{"embeddable":true,"href":"https:\/\/shop.inodev.pt\/en\/wp-json\/wp\/v2\/users\/1"}],"replies":[{"embeddable":true,"href":"https:\/\/shop.inodev.pt\/en\/wp-json\/wp\/v2\/comments?post=7966"}],"version-history":[{"count":10,"href":"https:\/\/shop.inodev.pt\/en\/wp-json\/wp\/v2\/pages\/7966\/revisions"}],"predecessor-version":[{"id":9169,"href":"https:\/\/shop.inodev.pt\/en\/wp-json\/wp\/v2\/pages\/7966\/revisions\/9169"}],"wp:attachment":[{"href":"https:\/\/shop.inodev.pt\/en\/wp-json\/wp\/v2\/media?parent=7966"}],"curies":[{"name":"wp","href":"https:\/\/api.w.org\/{rel}","templated":true}]}}